{"id":1144,"date":"2015-04-22T09:46:20","date_gmt":"2015-04-22T09:46:20","guid":{"rendered":"http:\/\/tuttiicoloridelgiallo.ch\/new\/?page_id=1144"},"modified":"2016-03-02T09:12:06","modified_gmt":"2016-03-02T09:12:06","slug":"2015-2","status":"publish","type":"page","link":"https:\/\/tuttiicoloridelgiallo.ch\/new\/edizioni\/2015-2\/","title":{"rendered":"2015"},"content":{"rendered":"<div class=\"page\" title=\"Page 1\">\n<div class=\"section\">\n<div class=\"layoutArea\">\n<div class=\"column\">\n<p><a href=\"http:\/\/tuttiicoloridelgiallo.ch\/new\/wp-content\/uploads\/2013\/01\/giallonelgiallo.png\"><img decoding=\"async\" class=\"aligncenter size-full wp-image-1160\" src=\"http:\/\/tuttiicoloridelgiallo.ch\/new\/wp-content\/uploads\/2013\/01\/giallonelgiallo.png\" alt=\"giallonelgiallo\" width=\"1007\" height=\"133\" srcset=\"https:\/\/tuttiicoloridelgiallo.ch\/new\/wp-content\/uploads\/2013\/01\/giallonelgiallo-300x40.png 300w, https:\/\/tuttiicoloridelgiallo.ch\/new\/wp-content\/uploads\/2013\/01\/giallonelgiallo-624x82.png 624w, https:\/\/tuttiicoloridelgiallo.ch\/new\/wp-content\/uploads\/2013\/01\/giallonelgiallo.png 1007w\" sizes=\"(max-width: 1007px) 100vw, 1007px\" \/><\/a><\/p>\n<p><strong><a href=\"http:\/\/tuttiicoloridelgiallo.ch\/new\/wp-content\/uploads\/2015\/04\/giallo15.png\"><img decoding=\"async\" class=\"alignright size-medium wp-image-1149\" src=\"http:\/\/tuttiicoloridelgiallo.ch\/new\/wp-content\/uploads\/2015\/04\/giallo15-141x300.png\" alt=\"giallo15\" width=\"141\" height=\"300\" srcset=\"https:\/\/tuttiicoloridelgiallo.ch\/new\/wp-content\/uploads\/2015\/04\/giallo15-141x300.png 141w, https:\/\/tuttiicoloridelgiallo.ch\/new\/wp-content\/uploads\/2015\/04\/giallo15.png 390w\" sizes=\"(max-width: 141px) 100vw, 141px\" \/><\/a>XI Edizione: 6-8 maggio 2015<\/strong><br \/>\nLe serate si terranno presso il\u00a0<a href=\"http:\/\/www.cinemalux-lugano.ch\/contatti.aspx\">Cinema Lux di Massagno<\/a>.<\/p>\n<p><strong><em>Ma che cos\u2019\u00e8 questa tautologia ? Solo un rafforzamento messo l\u00ec tanto per dire\u2026 ? Una matrioska ?<\/em><\/strong><\/p>\n<p><em>No, il fatto \u00e8 che un anno fa \u00abTutti i colori del giallo\u00bb ha compiuto e festeggiato i dieci anni. Dieci anni significa trenta serate, trenta autori e trenta film. Quando siamo partiti nel 2005 non si pensava di arrivare a tanto. Anche perch\u00e9 gli autori di qualit\u00e0 allora disponibili e proponibili non erano tantissimi. Quest\u2019oggi ci si ritrova a presentare l\u2019undicesima edizione e, per puro caso, abbiamo tre grandi scrittori che hanno iniziato a scrivere DOPO la nostra nascita. Segno che il genere \u00e8 in continua evoluzione.<\/em><\/p>\n<p><em>\u00abTutti i colori del giallo\u00bb a mo\u2019 di ricordo, ha chiesto a tutti i suoi ospiti un contributo. Ora per\u00f2 si \u00e8 gi\u00e0 detto troppo\u2026 lasciamo la sorpresa per l\u2019undicesima edizione\u2026.<\/em><\/p>\n<p><strong>Mercoled\u00ec 6 maggio:<\/strong><br \/>\nOre 18.30: \u00abQuanta libert\u00e0 siamo disposti a pagare per la sicurezza?\u00bb<br \/>\n<a href=\"http:\/\/tuttiicoloridelgiallo.ch\/new\/?p=1163\">Teo Lorini incontra:\u00a0Luca Poldelmengo<\/a><br \/>\nOre 20.00: aperitivo romano<br \/>\nOre 21.00: <a href=\"http:\/\/tuttiicoloridelgiallo.ch\/new\/?p=1176\">film\u00a0\u00abL\u2019uccello dalle piume di cristallo\u00bb<\/a>,<br \/>\ndi Dario Argento, Italia, 1970,<br \/>\n<span style=\"line-height: 1.714285714; font-size: 1rem;\">con Toni Musante, Suzy Kendall, Enrico Maria Salerno ed Eva Renzi.<br \/>\n<a href=\"http:\/\/tuttiicoloridelgiallo.ch\/new\/?p=1239\">Foto<\/a> &#8211; <a href=\"http:\/\/tuttiicoloridelgiallo.ch\/new\/?page_id=681\">Video<\/a> &#8211; <a href=\"http:\/\/tuttiicoloridelgiallo.ch\/new\/?page_id=569\">Podcast<\/a><br \/>\n<\/span><\/p>\n<\/div>\n<\/div>\n<div class=\"layoutArea\">\n<div class=\"column\">\n<p><strong>Gioved\u00ec 7 maggio:<\/strong><br \/>\nOre 18.30:\u00a0\u00abUn giallo in Lapponia\u00bb<br \/>\n<a href=\"http:\/\/tuttiicoloridelgiallo.ch\/new\/?p=1170\">Luca Crovi, intervista:\u00a0Olivier Truc<\/a><br \/>\nOre 20.00: aperitivo francese<br \/>\nOre 21.00: <a href=\"http:\/\/tuttiicoloridelgiallo.ch\/new\/?p=1184\">film\u00a0<\/a><a href=\"http:\/\/tuttiicoloridelgiallo.ch\/new\/?p=1184\">\u00abIl senso di Smilla per la neve\u00bb,<\/a><br \/>\ndi Bille August, Ger-Dan-Sve, 1997, con Julia Ormond,Gabriel Byrne, Richard Harris e Vanessa Redgrave.<br \/>\n<a href=\"http:\/\/tuttiicoloridelgiallo.ch\/new\/?p=1241\">Foto<\/a>\u00a0&#8211;\u00a0<a href=\"http:\/\/tuttiicoloridelgiallo.ch\/new\/?page_id=681\">Video<\/a>\u00a0&#8211;\u00a0<a href=\"http:\/\/tuttiicoloridelgiallo.ch\/new\/?page_id=569\">Podcast<\/a><\/p>\n<\/div>\n<div class=\"column\">\n<p><strong>Venerdi 8 maggio<br \/>\n<\/strong>Ore 19.30: \u00abCon quegli occhi verdi\u2026\u00a0il commissario Ricciardi si racconta.\u00bb<br \/>\n<a href=\"http:\/\/tuttiicoloridelgiallo.ch\/new\/?p=1172\">Rossana Maspero incontra:\u00a0Maurizio De Giovanni<\/a><br \/>\nOre 21.00: aperitivo napoletano<br \/>\nOre 22.00: <a href=\"http:\/\/tuttiicoloridelgiallo.ch\/new\/?p=1180\">film\u00a0<\/a><a href=\"http:\/\/tuttiicoloridelgiallo.ch\/new\/?p=1180\">\u00abIl camorrista\u00bb<\/a>,<br \/>\ndi Giuseppe Tornatore, Italia, 1986, con Ben Gazzarra,Laura del Sol, Leo Gullotta e Franco Interlenghi.<br \/>\n<a href=\"http:\/\/tuttiicoloridelgiallo.ch\/new\/?p=1244\">Foto\u00a0&#8211;\u00a0<\/a><a href=\"http:\/\/tuttiicoloridelgiallo.ch\/new\/?page_id=681\">Video<\/a><a href=\"http:\/\/tuttiicoloridelgiallo.ch\/new\/?p=1244\">\u00a0&#8211;\u00a0<\/a><a href=\"http:\/\/tuttiicoloridelgiallo.ch\/new\/?page_id=569\">Podcast<\/a><\/p>\n<p><strong>&gt;\u00a0<a href=\"http:\/\/tuttiicoloridelgiallo.ch\/new\/wp-content\/uploads\/2015\/04\/ProspGiallo_2015.pdf\">Scarica il prospetto in pdf<br \/>\n&gt; <\/a><a href=\"http:\/\/tuttiicoloridelgiallo.ch\/new\/?p=1257\">Il libro per la X edizione<\/a><a href=\"http:\/\/tuttiicoloridelgiallo.ch\/new\/wp-content\/uploads\/2015\/04\/ProspGiallo_2015.pdf\"><br \/>\n<\/a><\/strong><\/p>\n<p>Organizza la commissione cultura del <a href=\"http:\/\/www.massagno.ch\">comune di Massagn<\/a>o in collaborazione <a href=\"http:\/\/tuttiicoloridelgiallo.ch\/new\/?page_id=2\">con i nostri graditi sponsor<\/a>.<\/p>\n<\/div>\n<\/div>\n<\/div>\n<\/div>\n","protected":false},"excerpt":{"rendered":"<p>XI Edizione: 6-8 maggio 2015 Le serate si terranno presso  [&#8230;]<\/p>\n","protected":false},"author":1,"featured_media":0,"parent":693,"menu_order":0,"comment_status":"closed","ping_status":"closed","template":"","meta":{"ngg_post_thumbnail":0,"footnotes":""},"class_list":["post-1144","page","type-page","status-publish","hentry"],"_links":{"self":[{"href":"https:\/\/tuttiicoloridelgiallo.ch\/new\/wp-json\/wp\/v2\/pages\/1144","targetHints":{"allow":["GET"]}}],"collection":[{"href":"https:\/\/tuttiicoloridelgiallo.ch\/new\/wp-json\/wp\/v2\/pages"}],"about":[{"href":"https:\/\/tuttiicoloridelgiallo.ch\/new\/wp-json\/wp\/v2\/types\/page"}],"author":[{"embeddable":true,"href":"https:\/\/tuttiicoloridelgiallo.ch\/new\/wp-json\/wp\/v2\/users\/1"}],"replies":[{"embeddable":true,"href":"https:\/\/tuttiicoloridelgiallo.ch\/new\/wp-json\/wp\/v2\/comments?post=1144"}],"version-history":[{"count":11,"href":"https:\/\/tuttiicoloridelgiallo.ch\/new\/wp-json\/wp\/v2\/pages\/1144\/revisions"}],"predecessor-version":[{"id":1289,"href":"https:\/\/tuttiicoloridelgiallo.ch\/new\/wp-json\/wp\/v2\/pages\/1144\/revisions\/1289"}],"up":[{"embeddable":true,"href":"https:\/\/tuttiicoloridelgiallo.ch\/new\/wp-json\/wp\/v2\/pages\/693"}],"wp:attachment":[{"href":"https:\/\/tuttiicoloridelgiallo.ch\/new\/wp-json\/wp\/v2\/media?parent=1144"}],"curies":[{"name":"wp","href":"https:\/\/api.w.org\/{rel}","templated":true}]}}